{"id":12,"date":"2020-05-01T13:23:23","date_gmt":"2020-05-01T13:23:23","guid":{"rendered":"http:\/\/kifaz-neureut.de\/?page_id=12"},"modified":"2020-05-01T13:23:23","modified_gmt":"2020-05-01T13:23:23","slug":"impressum","status":"publish","type":"page","link":"https:\/\/kifaz-neureut.de\/?page_id=12","title":{"rendered":"Impressum"},"content":{"rendered":"\n<h1 class=\"wp-block-heading\">Impressum gem \u00a7 5 TMG<\/h1>\n\n\n\n<h2 class=\"wp-block-heading\"><strong>Hardtstiftung, Verein mit K\u00f6rperschaftsrechten<\/strong><\/h2>\n\n\n\n<p>Neureuter Hauptstra\u00dfe 2<br>76149 Karlsruhe<br>Tel: 0721 -7082-0<\/p>\n\n\n\n<p>E-Mail: <a href=\"mailto:info@hardtstiftung.de\">info &#8211; at &#8211; hardtstiftung.de<\/a><\/p>\n\n\n\n<h3 class=\"wp-block-heading\">Impressum<\/h3>\n\n\n\n<p><strong>Vertretungsberechtigte Personen<\/strong><\/p>\n\n\n\n<ul><li>Michael Schr\u00f6pfer, Vorstand Hardtstiftung<\/li><\/ul>\n\n\n\n<p><strong>Rechtsform:&nbsp;<\/strong>Verein mit K\u00f6rperschaftsrechten<\/p>\n\n\n\n<p>Aktenzeichen Regierungspr\u00e4sidium Karlsruhe: 14-0565.1<\/p>\n\n\n\n<p><strong>Vorsitzendes des Verwaltungsrates<\/strong><\/p>\n\n\n\n<p>Herr J\u00fcrgen Rollin<\/p>\n\n\n\n<p><strong>Aufsicht:<\/strong><\/p>\n\n\n\n<p>Stiftungsaufsicht (Regierungspr\u00e4sidium Karlsruhe)<\/p>\n\n\n\n<p><strong>Inhaltlich Verantwortliche gem\u00e4\u00df \u00a7 5 TMG<\/strong><\/p>\n\n\n\n<p>Michael Schr\u00f6pfer, Vorstand Hardtstiftung<\/p>\n\n\n\n<p><strong>Haftungsbeschr\u00e4nkung<\/strong><\/p>\n\n\n\n<p>Die Inhalte dieser Website werden mit gr\u00f6\u00dftm\u00f6glicher Sorgfalt erstellt. Dennoch wird keine Gew\u00e4hr f\u00fcr die Richtigkeit, Vollst\u00e4ndigkeit und Aktualit\u00e4t der bereitgestellten Inhalte gegeben. Die Nutzung der Inhalte der Website erfolgt auf eigene Gefahr des Nutzers. Mit der reinen Nutzung der Website des Anbieters kommt keinerlei Vertragsverh\u00e4ltnis zwischen dem Nutzer und dem Anbieter zustande.<\/p>\n\n\n\n<p><strong>Haftungsausschluss<\/strong><\/p>\n\n\n\n<p>Eine Haftung f\u00fcr Inhalte externer Websites, die von dieser Site aus verlinkt sind, wird nicht \u00fcbernommen. F\u00fcr den Inhalt der verlinkten Seiten sind ausschlie\u00dflich deren Betreiber verantwortlich.&nbsp;<\/p>\n\n\n\n<p><img decoding=\"async\" src=\"https:\/\/www.hardtstiftung.org\/images\/icons\/icon-vor.png?m=1513167895&amp;\" alt=\"\">&nbsp;<a href=\"https:\/\/www.hardtstiftung.org\/datenschutz.php\">Disclaimer \/ Haftungsausschlu\u00df<\/a><\/p>\n\n\n\n<p><strong>Fotos<\/strong><\/p>\n\n\n\n<p>Die Hardtstiftung st berechtigt, die auf diesen Internetseiten verwendeten Fotos zu verwenden. Alle verwendeten Fotos sind urheberrechtlich gesch\u00fctzt.<\/p>\n\n\n\n<p><strong>Copyright<\/strong><\/p>\n\n\n\n<p>Alle Inhalte dieser Website unterliegen &#8211; soweit nicht anders angegeben &#8211; dem Copyright der Hardtstiftung.<\/p>\n\n\n\n<p><strong>&nbsp;<a href=\"https:\/\/www.hardtstiftung.org\/Kontakt\/Kontaktformular.php\">Zum Kontaktformular<\/a><\/strong><\/p>\n\n\n\n<p><strong>Realisation<\/strong> durch Hardtstiftung<\/p>\n\n\n\n<h3 class=\"wp-block-heading\">Haftung und Urheberrecht<\/h3>\n\n\n\n<p>Wir versichern, dass die Informationen und Daten unserer Internetseiten zutreffend sind. Die Haftung oder Garantie f\u00fcr die Aktualit\u00e4t, Richtigkeit und Vollst\u00e4ndigkeit der zur Verf\u00fcgung gestellten Informationen ist jedoch ausgeschlossen. Dies gilt ebenso f\u00fcr alle anderen Websites, auf die mittels eines Hyperlinks verwiesen wird. Die Hardtstiftung ist f\u00fcr den Inhalt solcher Websites, die mittels einer solchen Verbindung erreicht werden, ebenfalls nicht verantwortlich. Die Hardtstiftung beh\u00e4lt sich vor, ohne Ank\u00fcndigung \u00c4nderungen oder Erg\u00e4nzungen der bereitgestellten Informationen oder Daten vorzunehmen.<br>&nbsp;<br>Der Inhalt der Internetseiten der Hardtstiftung ist urheberrechtlich gesch\u00fctzt. Die Vervielf\u00e4ltigung von Informationen oder Daten, insbesondere die Verwendung von Texten, Textteilen oder Bildmaterial bedarf der vorherigen Zustimmung der Hardtstiftung.<br>&nbsp;<br>S\u00e4mtliche Informationen oder Daten, ihre Nutzung und die Anmeldung zur Internetseite der Hardtstiftung sowie s\u00e4mtliches mit den Internetseiten der&nbsp; Hardtstiftung zusammenh\u00e4ngendes Tun, Dulden oder Unterlassen unterliegt ausschlie\u00dflich deutschem Recht. Erf\u00fcllungsort und ausschlie\u00dflicher Gerichtsstand ist Karlsruhe.<\/p>\n\n\n\n<p><strong>Haftungsausschluss<\/strong><\/p>\n\n\n\n<p>Das Landgericht Hamburg hat mit dem Urteil vom 12.05.1998 entschieden, dass man durch die Anbringung eines Links die Inhalte der gelinkten Seite ggf. mit zu verantworten hat. Dies kann man laut Landgericht nur dadurch verhindern, dass man sich ausdr\u00fccklich von diesen Inhalten distanziert. Daher:<\/p>\n\n\n\n<p>F\u00fcr alle Links dieser Homepage und aller ihrer Unterseiten gilt: Wir haben keinerlei Einfluss auf die Gestaltung und die Inhalte der gelinkten Seiten. Deshalb distanzieren wir uns hiermit ausdr\u00fccklich von allen Inhalten aller gelinkter Seiten. Sollten Sie auf einer der von uns verlinkten Seiten rechtsradikale, menschenverachtende, staatsfeindliche oder anst\u00f6\u00dfige Inhalte finden, so bitten wir um entsprechende Mitteilung, damit wir diesen Link entfernen k\u00f6nnen.<\/p>\n\n\n\n<p>Trotz sorgf\u00e4ltiger inhaltlicher Kontrolle \u00fcbernehmen wir keine Haftung f\u00fcr die Inhalte externer Links. F\u00fcr den Inhalt der verlinkten Seiten sind ausschlie\u00dflich deren Betreiber verantwortlich.<\/p>\n\n\n\n<h3 class=\"wp-block-heading\"><strong>Werbung<\/strong><\/h3>\n\n\n\n<p>Die Verwendung der Kontaktdaten des Impressums zur gewerblichen Werbung ist ausdr\u00fccklich nicht erw\u00fcnscht, es sei denn der Anbieter hatte zuvor seine schriftliche Einwilligung erteilt oder es besteht bereits eine Gesch\u00e4ftsbeziehung. Der Anbieter und alle auf dieser Website genannten Personen widersprechen hiermit jeder kommerziellen Verwendung und Weitergabe ihrer Daten.<\/p>\n","protected":false},"excerpt":{"rendered":"<p>Impressum gem \u00a7 5 TMG Hardtstiftung, Verein mit K\u00f6rperschaftsrechten Neureuter Hauptstra\u00dfe 276149 KarlsruheTel: 0721 -7082-0 E-Mail: info &#8211; at &#8211; hardtstiftung.de Impressum Vertretungsberechtigte Personen Michael Schr\u00f6pfer, Vorstand Hardtstiftung Rechtsform:&nbsp;Verein mit K\u00f6rperschaftsrechten Aktenzeichen Regierungspr\u00e4sidium Karlsruhe: 14-0565.1 Vorsitzendes des Verwaltungsrates Herr J\u00fcrgen Rollin Aufsicht: Stiftungsaufsicht (Regierungspr\u00e4sidium Karlsruhe) Inhaltlich Verantwortliche gem\u00e4\u00df \u00a7 5 TMG Michael Schr\u00f6pfer, Vorstand Hardtstiftung &hellip; <\/p>\n<p class=\"link-more\"><a href=\"https:\/\/kifaz-neureut.de\/?page_id=12\" class=\"more-link\"><span class=\"screen-reader-text\">\u201eImpressum\u201c<\/span> weiterlesen<\/a><\/p>\n","protected":false},"author":1,"featured_media":0,"parent":0,"menu_order":0,"comment_status":"closed","ping_status":"closed","template":"","meta":{"footnotes":""},"_links":{"self":[{"href":"https:\/\/kifaz-neureut.de\/index.php?rest_route=\/wp\/v2\/pages\/12"}],"collection":[{"href":"https:\/\/kifaz-neureut.de\/index.php?rest_route=\/wp\/v2\/pages"}],"about":[{"href":"https:\/\/kifaz-neureut.de\/index.php?rest_route=\/wp\/v2\/types\/page"}],"author":[{"embeddable":true,"href":"https:\/\/kifaz-neureut.de\/index.php?rest_route=\/wp\/v2\/users\/1"}],"replies":[{"embeddable":true,"href":"https:\/\/kifaz-neureut.de\/index.php?rest_route=%2Fwp%2Fv2%2Fcomments&post=12"}],"version-history":[{"count":1,"href":"https:\/\/kifaz-neureut.de\/index.php?rest_route=\/wp\/v2\/pages\/12\/revisions"}],"predecessor-version":[{"id":13,"href":"https:\/\/kifaz-neureut.de\/index.php?rest_route=\/wp\/v2\/pages\/12\/revisions\/13"}],"wp:attachment":[{"href":"https:\/\/kifaz-neureut.de\/index.php?rest_route=%2Fwp%2Fv2%2Fmedia&parent=12"}],"curies":[{"name":"wp","href":"https:\/\/api.w.org\/{rel}","templated":true}]}}